{"id":377,"date":"2026-01-28T22:02:44","date_gmt":"2026-01-28T22:02:44","guid":{"rendered":"https:\/\/casadedestino.com.br\/conferenciadestino\/?page_id=377"},"modified":"2026-01-28T22:04:21","modified_gmt":"2026-01-28T22:04:21","slug":"breve","status":"publish","type":"page","link":"https:\/\/casadedestino.com.br\/conferenciadestino\/breve\/","title":{"rendered":"breve"},"content":{"rendered":"\t\t<div data-elementor-type=\"wp-page\" data-elementor-id=\"377\" class=\"elementor elementor-377\" data-elementor-post-type=\"page\">\n\t\t\t\t<div class=\"elementor-element elementor-element-7166c07 e-flex e-con-boxed e-con e-parent\" data-id=\"7166c07\" data-element_type=\"container\" data-e-type=\"container\" data-settings=\"{&quot;background_background&quot;:&quot;classic&quot;}\">\n\t\t\t\t\t<div class=\"e-con-inner\">\n\t\t\t\t<div class=\"elementor-element elementor-element-37a6ac1 elementor-widget elementor-widget-image\" data-id=\"37a6ac1\" data-element_type=\"widget\" data-e-type=\"widget\" data-widget_type=\"image.default\">\n\t\t\t\t\t\t\t\t\t\t\t\t\t\t\t<img fetchpriority=\"high\" decoding=\"async\" width=\"824\" height=\"358\" src=\"https:\/\/casadedestino.com.br\/conferenciadestino\/wp-content\/uploads\/2025\/09\/logo2026-site-ok-1.png\" class=\"attachment-large size-large wp-image-95\" alt=\"\" srcset=\"https:\/\/casadedestino.com.br\/conferenciadestino\/wp-content\/uploads\/2025\/09\/logo2026-site-ok-1.png 824w, https:\/\/casadedestino.com.br\/conferenciadestino\/wp-content\/uploads\/2025\/09\/logo2026-site-ok-1-300x130.png 300w, https:\/\/casadedestino.com.br\/conferenciadestino\/wp-content\/uploads\/2025\/09\/logo2026-site-ok-1-768x334.png 768w\" sizes=\"(max-width: 824px) 100vw, 824px\" \/>\t\t\t\t\t\t\t\t\t\t\t\t\t\t\t<\/div>\n\t\t\t\t\t<\/div>\n\t\t\t\t<\/div>\n\t\t\t\t<\/div>\n\t\t","protected":false},"excerpt":{"rendered":"","protected":false},"author":1,"featured_media":0,"parent":0,"menu_order":0,"comment_status":"closed","ping_status":"closed","template":"elementor_canvas","meta":{"footnotes":""},"class_list":["post-377","page","type-page","status-publish","hentry"],"yoast_head":"<!-- This site is optimized with the Yoast SEO plugin v27.2 - https:\/\/yoast.com\/product\/yoast-seo-wordpress\/ -->\n<title>breve - Conf\u00earencia Destino 2026<\/title>\n<meta name=\"robots\" content=\"index, follow, max-snippet:-1, max-image-preview:large, max-video-preview:-1\" \/>\n<link rel=\"canonical\" href=\"https:\/\/casadedestino.com.br\/conferenciadestino\/breve\/\" \/>\n<meta property=\"og:locale\" content=\"pt_BR\" \/>\n<meta property=\"og:type\" content=\"article\" \/>\n<meta property=\"og:title\" content=\"breve - Conf\u00earencia Destino 2026\" \/>\n<meta property=\"og:url\" content=\"https:\/\/casadedestino.com.br\/conferenciadestino\/breve\/\" \/>\n<meta property=\"og:site_name\" content=\"Conf\u00earencia Destino 2026\" \/>\n<meta property=\"article:modified_time\" content=\"2026-01-28T22:04:21+00:00\" \/>\n<meta property=\"og:image\" content=\"https:\/\/casadedestino.com.br\/conferenciadestino\/wp-content\/uploads\/2025\/09\/logo2026-site-ok-1.png\" \/>\n\t<meta property=\"og:image:width\" content=\"824\" \/>\n\t<meta property=\"og:image:height\" content=\"358\" \/>\n\t<meta property=\"og:image:type\" content=\"image\/png\" \/>\n<meta name=\"twitter:card\" content=\"summary_large_image\" \/>\n<script type=\"application\/ld+json\" class=\"yoast-schema-graph\">{\"@context\":\"https:\/\/schema.org\",\"@graph\":[{\"@type\":\"WebPage\",\"@id\":\"https:\/\/casadedestino.com.br\/conferenciadestino\/breve\/\",\"url\":\"https:\/\/casadedestino.com.br\/conferenciadestino\/breve\/\",\"name\":\"breve - Conf\u00earencia Destino 2026\",\"isPartOf\":{\"@id\":\"https:\/\/casadedestino.com.br\/conferenciadestino\/#website\"},\"primaryImageOfPage\":{\"@id\":\"https:\/\/casadedestino.com.br\/conferenciadestino\/breve\/#primaryimage\"},\"image\":{\"@id\":\"https:\/\/casadedestino.com.br\/conferenciadestino\/breve\/#primaryimage\"},\"thumbnailUrl\":\"https:\/\/casadedestino.com.br\/conferenciadestino\/wp-content\/uploads\/2025\/09\/logo2026-site-ok-1.png\",\"datePublished\":\"2026-01-28T22:02:44+00:00\",\"dateModified\":\"2026-01-28T22:04:21+00:00\",\"breadcrumb\":{\"@id\":\"https:\/\/casadedestino.com.br\/conferenciadestino\/breve\/#breadcrumb\"},\"inLanguage\":\"pt-BR\",\"potentialAction\":[{\"@type\":\"ReadAction\",\"target\":[\"https:\/\/casadedestino.com.br\/conferenciadestino\/breve\/\"]}]},{\"@type\":\"ImageObject\",\"inLanguage\":\"pt-BR\",\"@id\":\"https:\/\/casadedestino.com.br\/conferenciadestino\/breve\/#primaryimage\",\"url\":\"https:\/\/casadedestino.com.br\/conferenciadestino\/wp-content\/uploads\/2025\/09\/logo2026-site-ok-1.png\",\"contentUrl\":\"https:\/\/casadedestino.com.br\/conferenciadestino\/wp-content\/uploads\/2025\/09\/logo2026-site-ok-1.png\",\"width\":824,\"height\":358},{\"@type\":\"BreadcrumbList\",\"@id\":\"https:\/\/casadedestino.com.br\/conferenciadestino\/breve\/#breadcrumb\",\"itemListElement\":[{\"@type\":\"ListItem\",\"position\":1,\"name\":\"Home\",\"item\":\"https:\/\/casadedestino.com.br\/conferenciadestino\/\"},{\"@type\":\"ListItem\",\"position\":2,\"name\":\"breve\"}]},{\"@type\":\"WebSite\",\"@id\":\"https:\/\/casadedestino.com.br\/conferenciadestino\/#website\",\"url\":\"https:\/\/casadedestino.com.br\/conferenciadestino\/\",\"name\":\"Conf\u00earencia Destino 2026\",\"description\":\"Uma nova esta\u00e7\u00e3o\",\"potentialAction\":[{\"@type\":\"SearchAction\",\"target\":{\"@type\":\"EntryPoint\",\"urlTemplate\":\"https:\/\/casadedestino.com.br\/conferenciadestino\/?s={search_term_string}\"},\"query-input\":{\"@type\":\"PropertyValueSpecification\",\"valueRequired\":true,\"valueName\":\"search_term_string\"}}],\"inLanguage\":\"pt-BR\"}]}<\/script>\n<!-- \/ Yoast SEO plugin. -->","yoast_head_json":{"title":"breve - Conf\u00earencia Destino 2026","robots":{"index":"index","follow":"follow","max-snippet":"max-snippet:-1","max-image-preview":"max-image-preview:large","max-video-preview":"max-video-preview:-1"},"canonical":"https:\/\/casadedestino.com.br\/conferenciadestino\/breve\/","og_locale":"pt_BR","og_type":"article","og_title":"breve - Conf\u00earencia Destino 2026","og_url":"https:\/\/casadedestino.com.br\/conferenciadestino\/breve\/","og_site_name":"Conf\u00earencia Destino 2026","article_modified_time":"2026-01-28T22:04:21+00:00","og_image":[{"width":824,"height":358,"url":"https:\/\/casadedestino.com.br\/conferenciadestino\/wp-content\/uploads\/2025\/09\/logo2026-site-ok-1.png","type":"image\/png"}],"twitter_card":"summary_large_image","schema":{"@context":"https:\/\/schema.org","@graph":[{"@type":"WebPage","@id":"https:\/\/casadedestino.com.br\/conferenciadestino\/breve\/","url":"https:\/\/casadedestino.com.br\/conferenciadestino\/breve\/","name":"breve - Conf\u00earencia Destino 2026","isPartOf":{"@id":"https:\/\/casadedestino.com.br\/conferenciadestino\/#website"},"primaryImageOfPage":{"@id":"https:\/\/casadedestino.com.br\/conferenciadestino\/breve\/#primaryimage"},"image":{"@id":"https:\/\/casadedestino.com.br\/conferenciadestino\/breve\/#primaryimage"},"thumbnailUrl":"https:\/\/casadedestino.com.br\/conferenciadestino\/wp-content\/uploads\/2025\/09\/logo2026-site-ok-1.png","datePublished":"2026-01-28T22:02:44+00:00","dateModified":"2026-01-28T22:04:21+00:00","breadcrumb":{"@id":"https:\/\/casadedestino.com.br\/conferenciadestino\/breve\/#breadcrumb"},"inLanguage":"pt-BR","potentialAction":[{"@type":"ReadAction","target":["https:\/\/casadedestino.com.br\/conferenciadestino\/breve\/"]}]},{"@type":"ImageObject","inLanguage":"pt-BR","@id":"https:\/\/casadedestino.com.br\/conferenciadestino\/breve\/#primaryimage","url":"https:\/\/casadedestino.com.br\/conferenciadestino\/wp-content\/uploads\/2025\/09\/logo2026-site-ok-1.png","contentUrl":"https:\/\/casadedestino.com.br\/conferenciadestino\/wp-content\/uploads\/2025\/09\/logo2026-site-ok-1.png","width":824,"height":358},{"@type":"BreadcrumbList","@id":"https:\/\/casadedestino.com.br\/conferenciadestino\/breve\/#breadcrumb","itemListElement":[{"@type":"ListItem","position":1,"name":"Home","item":"https:\/\/casadedestino.com.br\/conferenciadestino\/"},{"@type":"ListItem","position":2,"name":"breve"}]},{"@type":"WebSite","@id":"https:\/\/casadedestino.com.br\/conferenciadestino\/#website","url":"https:\/\/casadedestino.com.br\/conferenciadestino\/","name":"Conf\u00earencia Destino 2026","description":"Uma nova esta\u00e7\u00e3o","potentialAction":[{"@type":"SearchAction","target":{"@type":"EntryPoint","urlTemplate":"https:\/\/casadedestino.com.br\/conferenciadestino\/?s={search_term_string}"},"query-input":{"@type":"PropertyValueSpecification","valueRequired":true,"valueName":"search_term_string"}}],"inLanguage":"pt-BR"}]}},"_links":{"self":[{"href":"https:\/\/casadedestino.com.br\/conferenciadestino\/wp-json\/wp\/v2\/pages\/377","targetHints":{"allow":["GET"]}}],"collection":[{"href":"https:\/\/casadedestino.com.br\/conferenciadestino\/wp-json\/wp\/v2\/pages"}],"about":[{"href":"https:\/\/casadedestino.com.br\/conferenciadestino\/wp-json\/wp\/v2\/types\/page"}],"author":[{"embeddable":true,"href":"https:\/\/casadedestino.com.br\/conferenciadestino\/wp-json\/wp\/v2\/users\/1"}],"replies":[{"embeddable":true,"href":"https:\/\/casadedestino.com.br\/conferenciadestino\/wp-json\/wp\/v2\/comments?post=377"}],"version-history":[{"count":6,"href":"https:\/\/casadedestino.com.br\/conferenciadestino\/wp-json\/wp\/v2\/pages\/377\/revisions"}],"predecessor-version":[{"id":383,"href":"https:\/\/casadedestino.com.br\/conferenciadestino\/wp-json\/wp\/v2\/pages\/377\/revisions\/383"}],"wp:attachment":[{"href":"https:\/\/casadedestino.com.br\/conferenciadestino\/wp-json\/wp\/v2\/media?parent=377"}],"curies":[{"name":"wp","href":"https:\/\/api.w.org\/{rel}","templated":true}]}}